{"id":217,"date":"2016-04-22T16:24:53","date_gmt":"2016-04-22T19:24:53","guid":{"rendered":"http:\/\/casadomogeodesico.com.br\/?page_id=217"},"modified":"2016-04-22T21:37:10","modified_gmt":"2016-04-23T00:37:10","slug":"o-que-e-geodesia-e-geodesico","status":"publish","type":"page","link":"http:\/\/casadomogeodesico.com.br\/index.php\/o-que-e-geodesia-e-geodesico\/","title":{"rendered":"O QUE \u00c9 GEOD\u00c9SICO E GEOD\u00c9SIA"},"content":{"rendered":"<p><script>\/\/ <![CDATA[\nvar adData = {google_width: 300,google_height: 250,google_click_url: 'https:\/\/www.googleadservices.com\/pagead\/aclk?sa\\x3dL\\x26ai\\x3dCNTmPjHcaV7SgH4-gxATYhL-ID5aVz7REzery49MCwI23ARABIJaL-RtgzfDugKwDoAHbs_bKA8gBCakCE-Jxheankj7gAgCoAwGqBLABT9CdOCq2ETsm_G0CR5lyFWBimzqDwfPBPMESgj5gibqEfbx7GbwJ4jNIoQUOGRo5WxdEdVoqoATlArpzCMrcGMy6vEhqtBt7y64xq7OM3gVAXMJyjZsYG0SFgeHi22hrGF6JIOik7ivqiKS7QOhN9Ihr0xdia_IbAN_-atRnkxDlBNDnF48R3zrn3CySMnB2yPsP-6p3Ut8fU5Rnfa_JOvsKEOqgSTReOv-46ZTul7jgBAGIBgGgBi6AB43MiTWoB6a-G9gHAA\\x26num\\x3d1\\x26cid\\x3dCAASEuRo3zl8-qaLIyVQ1KuT8vmH5A\\x26sig\\x3dAOD64_1OFJsJPgrwdsRgpIlwnwTE59MQDg\\x26client\\x3dca-pub-7683395268562108\\x26adurl\\x3d',google_ait_url: 'https:\/\/googleads.g.doubleclick.net\/pagead\/conversion\/?ai\\x3dCNTmPjHcaV7SgH4-gxATYhL-ID5aVz7REzery49MCwI23ARABIJaL-RtgzfDugKwDoAHbs_bKA8gBCakCE-Jxheankj7gAgCoAwGqBLABT9CdOCq2ETsm_G0CR5lyFWBimzqDwfPBPMESgj5gibqEfbx7GbwJ4jNIoQUOGRo5WxdEdVoqoATlArpzCMrcGMy6vEhqtBt7y64xq7OM3gVAXMJyjZsYG0SFgeHi22hrGF6JIOik7ivqiKS7QOhN9Ihr0xdia_IbAN_-atRnkxDlBNDnF48R3zrn3CySMnB2yPsP-6p3Ut8fU5Rnfa_JOvsKEOqgSTReOv-46ZTul7jgBAGIBgGgBi6AB43MiTWoB6a-G9gHAA\\x26sigh\\x3dMhLtdFgMfMA\\x26label\\x3d_AITNAME_\\x26value\\x3d_AITVALUE_',redirect_url: 'https:\/\/www.googleadservices.com\/pagead\/aclk?sa\\x3dL\\x26ai\\x3dCNTmPjHcaV7SgH4-gxATYhL-ID5aVz7REzery49MCwI23ARABIJaL-RtgzfDugKwDoAHbs_bKA8gBCakCE-Jxheankj7gAgCoAwGqBLABT9CdOCq2ETsm_G0CR5lyFWBimzqDwfPBPMESgj5gibqEfbx7GbwJ4jNIoQUOGRo5WxdEdVoqoATlArpzCMrcGMy6vEhqtBt7y64xq7OM3gVAXMJyjZsYG0SFgeHi22hrGF6JIOik7ivqiKS7QOhN9Ihr0xdia_IbAN_-atRnkxDlBNDnF48R3zrn3CySMnB2yPsP-6p3Ut8fU5Rnfa_JOvsKEOqgSTReOv-46ZTul7jgBAGIBgGgBi6AB43MiTWoB6a-G9gHAA\\x26num\\x3d1\\x26cid\\x3dCAASEuRo3zl8-qaLIyVQ1KuT8vmH5A\\x26sig\\x3dAOD64_1OFJsJPgrwdsRgpIlwnwTE59MQDg\\x26client\\x3dca-pub-7683395268562108\\x26adurl\\x3dhttp:\/\/www.tripla.com.br',destination_url: 'http:\/\/www.tripla.com.br',link_target: '_blank',monitoring: {templateId: 456,creativeId: 90987417013,loadTime: new Date().getTime(),experimentId: '16684831',reportErrors: true,reportPerf: false,frameTiming: false,layoutPath: '\/pagead\/gadgets\/suggestion_autolayout_V2\/suggestion_autolayout_V2.html'},google_template_data: {'adData': [{'creationContext': 'WORKFLOW:BURDOCK,TEMPLATE_SOURCE:AD_IDEAS','back1MCColor': '0xffffff','clickTFBackColor': '0x365eab','clickTFTextColor': '0xffffff','clickTFText': 'Saiba mais','product1MCImage': 'https:\/\/tpc.googlesyndication.com\/simgad\/10691197477686434055','logoMCImage': 'https:\/\/tpc.googlesyndication.com\/simgad\/7043147820682848386','text2TFTextColor': '0x6666ff','text2TFText': 'Agrimensura, Arquitetura e Engenharia','text1TFTextColor': '0xff6666','text1TFText': 'TRIPLA','layout': 'suggestion_autolayout_V2','product1MCImageWidth': '720','product1MCImageHeight': '720','logoMCImageWidth': '320','logoMCImageHeight': '320','displayUrl': 'www.tripla.com.br','destinationUrl': 'http:\/\/www.tripla.com.br','siriusMBFFontFace': 'Arial','format': '300x250_as','FLAG_client_side_flag_overrides': '[{\\x22name\\x22 : \\x22uses_octagon_sdk\\x22, \\x22value\\x22 : true}]','versionInfo': '7.3.2'}]}};if (window.onAdData) {onAdData(adData);}\n\/\/ ]]><\/script><\/p>\n<div id=\"abgc\" class=\"abgc\" dir=\"ltr\">\n<h2>Geod\u00e9sico relativo a geodesia; Ci\u00eancia que trata da forma e dimens\u00f5es da Terra, ou de pontos determinados de sua superf\u00edcie.<\/h2>\n<h2 id=\"oquee\">O que \u00e9 Geod\u00e9sia:<\/h2>\n<div class=\"text-content\">\n<p>Geod\u00e9sia \u00e9 a ci\u00eancia que<strong> estuda as dimens\u00f5es<\/strong>, <strong>forma <\/strong>e o <strong>campo de gravidade da Terra<\/strong>, permitindo analisar, medir e representar o espa\u00e7o geogr\u00e1fico do planeta com precis\u00e3o.<\/p>\n<p>A geod\u00e9sia faz parte de um conjunto de disciplinas denominadas \u201cci\u00eancias geod\u00e9sicas\u201d, que incluem a cartografia, a topografia, a fotogrametria, o sensoriamento remoto e a astronomia de posi\u00e7\u00e3o.<\/p>\n<p><a href=\"http:\/\/casadomogeodesico.com.br\/wp-content\/uploads\/2016\/04\/geocoordinates.png\"><img loading=\"lazy\" class=\"  wp-image-222 alignleft\" src=\"http:\/\/casadomogeodesico.com.br\/wp-content\/uploads\/2016\/04\/geocoordinates-300x297.png\" alt=\"geocoordinates\" width=\"406\" height=\"402\" srcset=\"http:\/\/casadomogeodesico.com.br\/wp-content\/uploads\/2016\/04\/geocoordinates-300x297.png 300w, http:\/\/casadomogeodesico.com.br\/wp-content\/uploads\/2016\/04\/geocoordinates-150x150.png 150w, http:\/\/casadomogeodesico.com.br\/wp-content\/uploads\/2016\/04\/geocoordinates.png 834w\" sizes=\"(max-width: 406px) 100vw, 406px\" \/><\/a>Todas essas \u00e1reas de estudo, assim como a geod\u00e9sia, auxiliam na obten\u00e7\u00e3o de informa\u00e7\u00f5es mais precisas sobre as complexas caracter\u00edsticas do formato da Terra.<\/p>\n<p>Os estudos e atividades pela geod\u00e9sia foram de grande ajuda no desenvolvimento de incrementos no modelo cartogr\u00e1fico, como a cria\u00e7\u00e3o e implementa\u00e7\u00e3o do Sistema de Posicionamento Global (GPS).<\/p>\n<p>Desde a Gr\u00e9cia Antiga, com Arist\u00f3teles, Pit\u00e1goras de Samos, Erat\u00f3stenes, entre outros, os conceitos e estudos b\u00e1sicos da geod\u00e9sia j\u00e1 estavam a ser desenvolvidos, como, por exemplo, a ideia da Terra ser esf\u00e9rica.<\/p>\n<p>Em tempos mais modernos, Isaac Newton e Carl Gauss foram outros importantes nomes dentro desta ci\u00eancia, fazendo contribui\u00e7\u00f5es muito significativas sobre a estrutura e formato do planeta.<\/p>\n<p>No Brasil, o Instituto Brasileiro de Geografia e Estat\u00edstica (IBGE) \u00e9 o \u00f3rg\u00e3o respons\u00e1vel em fazer o referenciamento do territ\u00f3rio nacional, atrav\u00e9s do chamado Sistema Geod\u00e9sico Brasileiro (SGB).<\/p>\n<p>A geod\u00e9sia, al\u00e9m de fazer parte da geoci\u00eancia, tamb\u00e9m \u00e9 utilizada no ramo da engenharia, da matem\u00e1tica e da f\u00edsica.<\/p>\n<h2>Geod\u00e9sia e cartografia<\/h2>\n<p>A cartografia est\u00e1 dentro do conjunto de ci\u00eancias geod\u00e9sicas, sendo considerada uma das mais antigas, respons\u00e1veis em analisar e medir as dimens\u00f5es da Terra.<\/p>\n<p>O cart\u00f3grafo tem a responsabilidade de reproduzir as caracter\u00edsticas e complexidades de uma rede geogr\u00e1fica esf\u00e9rica (as dimens\u00f5es, longitudes, latitudes e demais medidas terrestres) para uma superf\u00edcie plana: uma carta ou mapa.<\/p>\n<p>Em resumo, a cartografia \u00e9 a ci\u00eancia que estuda e produz mapas e demais referenciadores de localiza\u00e7\u00e3o geogr\u00e1fica.<\/p>\n<h4><em>Domo Geod\u00e9sico \u00e9 uma inven\u00e7\u00e3o de\u00a0Richard Buckminster F\u00fcller, <a href=\"http:\/\/casadomogeodesico.com.br\/\">Confira.<\/a><\/p>\n<p><a href=\"http:\/\/casadomogeodesico.com.br\/\"><img loading=\"lazy\" class=\"alignnone wp-image-224 size-full\" src=\"http:\/\/casadomogeodesico.com.br\/wp-content\/uploads\/2016\/04\/geodesicomapa.jpg\" alt=\"geodesicomapa\" width=\"532\" height=\"250\" srcset=\"http:\/\/casadomogeodesico.com.br\/wp-content\/uploads\/2016\/04\/geodesicomapa.jpg 532w, http:\/\/casadomogeodesico.com.br\/wp-content\/uploads\/2016\/04\/geodesicomapa-300x141.jpg 300w\" sizes=\"(max-width: 532px) 100vw, 532px\" \/><\/a><br \/>\n<\/em><\/h4>\n<h2><\/h2>\n<\/div>\n<\/div>\n<div id=\"&quot;ddmc&quot;\"><\/div>\n","protected":false},"excerpt":{"rendered":"<p>Geod\u00e9sico relativo a geodesia; Ci\u00eancia que trata da forma e dimens\u00f5es da Terra, ou de pontos determinados de sua superf\u00edcie. O que \u00e9 Geod\u00e9sia: Geod\u00e9sia \u00e9 a ci\u00eancia que estuda as dimens\u00f5es, forma e o campo de gravidade da Terra, permitindo analisar, medir e representar o espa\u00e7o geogr\u00e1fico do planeta com precis\u00e3o. A geod\u00e9sia faz [&hellip;]<\/p>\n","protected":false},"author":1,"featured_media":0,"parent":0,"menu_order":0,"comment_status":"open","ping_status":"open","template":"","meta":[],"_links":{"self":[{"href":"http:\/\/casadomogeodesico.com.br\/index.php\/wp-json\/wp\/v2\/pages\/217"}],"collection":[{"href":"http:\/\/casadomogeodesico.com.br\/index.php\/wp-json\/wp\/v2\/pages"}],"about":[{"href":"http:\/\/casadomogeodesico.com.br\/index.php\/wp-json\/wp\/v2\/types\/page"}],"author":[{"embeddable":true,"href":"http:\/\/casadomogeodesico.com.br\/index.php\/wp-json\/wp\/v2\/users\/1"}],"replies":[{"embeddable":true,"href":"http:\/\/casadomogeodesico.com.br\/index.php\/wp-json\/wp\/v2\/comments?post=217"}],"version-history":[{"count":5,"href":"http:\/\/casadomogeodesico.com.br\/index.php\/wp-json\/wp\/v2\/pages\/217\/revisions"}],"predecessor-version":[{"id":225,"href":"http:\/\/casadomogeodesico.com.br\/index.php\/wp-json\/wp\/v2\/pages\/217\/revisions\/225"}],"wp:attachment":[{"href":"http:\/\/casadomogeodesico.com.br\/index.php\/wp-json\/wp\/v2\/media?parent=217"}],"curies":[{"name":"wp","href":"https:\/\/api.w.org\/{rel}","templated":true}]}}