{"id":78,"date":"2015-05-04T21:17:40","date_gmt":"2015-05-04T21:17:40","guid":{"rendered":"http:\/\/casadomogeodesico.com.br\/?page_id=78"},"modified":"2023-03-13T10:41:42","modified_gmt":"2023-03-13T13:41:42","slug":"casa-domo-geodesico","status":"publish","type":"page","link":"https:\/\/casadomogeodesico.com.br\/","title":{"rendered":"CASA DOMO GEOD\u00c9SICO"},"content":{"rendered":"<p>E<strong>struturas Arquitet\u00f4nicas vers\u00e1teis, baratas, eficientes energeticamente, leves e flex\u00edveis.<\/strong><\/p>\n<div style=\"width: 310px\" class=\"wp-caption alignright\"><a href=\"http:\/\/casadomogeodesico.com.br\/wp-content\/uploads\/2015\/05\/domopequeno.jpg\"><img loading=\"lazy\" class=\"wp-image-431 size-medium\" src=\"http:\/\/casadomogeodesico.com.br\/wp-content\/uploads\/2015\/05\/domopequeno-300x300.jpg\" alt=\"domopequeno\" width=\"300\" height=\"300\" srcset=\"https:\/\/casadomogeodesico.com.br\/wp-content\/uploads\/2015\/05\/domopequeno-300x300.jpg 300w, https:\/\/casadomogeodesico.com.br\/wp-content\/uploads\/2015\/05\/domopequeno-150x150.jpg 150w, https:\/\/casadomogeodesico.com.br\/wp-content\/uploads\/2015\/05\/domopequeno.jpg 458w\" sizes=\"(max-width: 300px) 100vw, 300px\" \/><\/a><p class=\"wp-caption-text\">Estrutura de 1,5m para estudos.<\/p><\/div>\n<p style=\"text-align: left;\">Estas c\u00fapulas apresentam extraordin\u00e1ria resist\u00eancia e leveza. A sua estrutura consiste em barras de qualquer material, e o domo pode ser feito em qualquer dimens\u00e3o, desde que o tamanho das suas barras seja calculado corretamente.<\/p>\n<p style=\"text-align: left;\">Sua resist\u00eancia deve-se ao formato esf\u00e9rico e aos tri\u00e2ngulos que comp\u00f5em sua estrutura. Qualquer for\u00e7a aplicada no domo se distribui igualmente at\u00e9 sua base, assim como os arcos na engenharia e arquitetura.<\/p>\n<div id=\"attachment_80\" style=\"width: 241px\" class=\"wp-caption alignleft\"><a href=\"http:\/\/casadomogeodesico.com.br\/wp-content\/uploads\/2015\/05\/fuller.png\"><img aria-describedby=\"caption-attachment-80\" loading=\"lazy\" class=\"wp-image-80 size-medium\" src=\"http:\/\/casadomogeodesico.com.br\/wp-content\/uploads\/2015\/05\/fuller-231x300.png\" alt=\"fuller\" width=\"231\" height=\"300\" srcset=\"https:\/\/casadomogeodesico.com.br\/wp-content\/uploads\/2015\/05\/fuller-231x300.png 231w, https:\/\/casadomogeodesico.com.br\/wp-content\/uploads\/2015\/05\/fuller.png 308w\" sizes=\"(max-width: 231px) 100vw, 231px\" \/><\/a><p id=\"caption-attachment-80\" class=\"wp-caption-text\">O inventor.<\/p><\/div>\n<p style=\"text-align: left;\">A arquitectura, para <a href=\"http:\/\/pt.wikipedia.org\/wiki\/Buckminster_Fuller\" target=\"_blank\" rel=\"noopener noreferrer\">Fuller<\/a>, deveria ter como objectivo criar abrigos vers\u00e1teis, baratos, eficientes energicamente, leves e flex\u00edveis: m\u00e1quinas de habitar, capazes de se modificar conforme as necessidades de quem as habitasse.<\/p>\n<p style=\"text-align: left;\">Para alcan\u00e7ar esta meta, Fuller desenvolveu, como suporte te\u00f3rico da sua experi\u00eancia, o que chamou de &#8220;geometria energ\u00e9tico-sinerg\u00e9tica&#8221;. Esta base te\u00f3rica envolve conceitos diversos onde filosofia e geometria se entrela\u00e7am num todo que lembra a malha das c\u00fapulas que lhe deram fama.<\/p>\n<p style=\"text-align: left;\">O termo &#8220;sinergia&#8221; \u00e9 hoje aplicado numa infinidade de situa\u00e7\u00f5es, querendo significar que o comportamento da totalidade de um sistema n\u00e3o \u00e9 previs\u00edvel a partir do comportamento das suas partes consideradas isoladamente. \u00c9 uma vis\u00e3o hol\u00edstica, em que o todo \u00e9 &#8220;maior que a soma das suas partes&#8221;.<\/p>\n<p>Essas caracter\u00edsticas permitem que estruturas desse tipo sejam utilizadas em muitas constru\u00e7\u00f5es, como por exemplo, a que abrigou o pavilh\u00e3o americano na <a href=\"https:\/\/www.google.com.br\/search?q=expo-67+em+Montreal+no+Canad%C3%A1&amp;rlz=1C1FLDB_enBR533BR533&amp;espv=2&amp;biw=1280&amp;bih=855&amp;tbm=isch&amp;imgil=DuLOwjDnlCRl4M%253A%253BGgSAYINqRERcSM%253Bhttp%25253A%25252F%25252Fblog.wanken.com%25252F10553%25252Fexpo-67-montreal-post-cards%25252F&amp;source=iu&amp;pf=m&amp;fir=DuLOwjDnlCRl4M%253A%252CGgSAYINqRERcSM%252C_&amp;usg=__nXcSBjypmqQ43jI31zScb6gAbdE%3D&amp;dpr=1&amp;ved=0CCkQyjc&amp;ei=jHV0VfmeG8GfNryigsAL#imgrc=DuLOwjDnlCRl4M%253A%3BGgSAYINqRERcSM%3Bhttp%253A%252F%252Fblog.wanken.com%252Fwp-content%252Fuploads%252F2011%252F11%252Fexpo_67_Montreal_Canada_The_Pavillion_of_the_United_States_EX103A.jpeg%3Bhttp%253A%252F%252Fblog.wanken.com%252F10553%252Fexpo-67-montreal-post-cards%252F%3B1135%3B724\" target=\"_blank\" rel=\"noopener noreferrer\">expo-67 em Montreal no Canad\u00e1<\/a>.<\/p>\n<p style=\"text-align: left;\"><img loading=\"lazy\" class=\" size-medium wp-image-79 alignright\" src=\"http:\/\/casadomogeodesico.com.br\/wp-content\/uploads\/2015\/05\/domo1-300x224.png\" alt=\"domo1\" width=\"300\" height=\"224\" srcset=\"https:\/\/casadomogeodesico.com.br\/wp-content\/uploads\/2015\/05\/domo1-300x224.png 300w, https:\/\/casadomogeodesico.com.br\/wp-content\/uploads\/2015\/05\/domo1.png 408w\" sizes=\"(max-width: 300px) 100vw, 300px\" \/>As c\u00fapulas podem ser constru\u00eddas com v\u00e1rios tipos de materiais, desde o bambu at\u00e9 os tirantes de fibras de a\u00e7o-carbono.<\/p>\n<p style=\"text-align: left;\">A Geod\u00e9sica pode ser composta por 12 pent\u00e1gonos e 20 hex\u00e1gonos, possuindo assim 32 faces 90 arestas e 60 v\u00e9rtices.<\/p>\n<p><strong>Confira algumas frequ\u00eancias poss\u00edveis<\/strong><\/p>\n<p><a href=\"http:\/\/casadomogeodesico.com.br\/wp-content\/uploads\/2015\/05\/frecuencias.png\"><img loading=\"lazy\" class=\"alignnone wp-image-87\" src=\"http:\/\/casadomogeodesico.com.br\/wp-content\/uploads\/2015\/05\/frecuencias-300x143.png\" alt=\"frecuencias\" width=\"380\" height=\"181\" srcset=\"https:\/\/casadomogeodesico.com.br\/wp-content\/uploads\/2015\/05\/frecuencias-300x143.png 300w, https:\/\/casadomogeodesico.com.br\/wp-content\/uploads\/2015\/05\/frecuencias.png 417w\" sizes=\"(max-width: 380px) 100vw, 380px\" \/><\/a><\/p>\n<p>&nbsp;<\/p>\n<p>As possibilidades no uso de estruturas geod\u00e9sicas s\u00e3o muito amplas e cada vez mais projetos envolvendo coberturas parcialmente ou completamente cobertas com vidros s\u00e3o alternativas muito difundidas. As tecnologias em vidros que oferecem conforto t\u00e9rmico \u00e9 crescente e muito bem vindas.<\/p>\n<p><a href=\"https:\/\/www.mdr.de\/sachsen\/leipzig\/leipzig-leipzig-land\/kirow-niemeyer-sphere-fast-fertig-100.html\" target=\"_blank\" rel=\"noopener noreferrer\"><img loading=\"lazy\" class=\"alignleft wp-image-1187\" src=\"http:\/\/casadomogeodesico.com.br\/wp-content\/uploads\/2015\/05\/0e3dfe30-adeb-4275-95e8-e03f43679096-300x113.jpg\" alt=\"\" width=\"456\" height=\"172\" srcset=\"https:\/\/casadomogeodesico.com.br\/wp-content\/uploads\/2015\/05\/0e3dfe30-adeb-4275-95e8-e03f43679096-300x113.jpg 300w, https:\/\/casadomogeodesico.com.br\/wp-content\/uploads\/2015\/05\/0e3dfe30-adeb-4275-95e8-e03f43679096.jpg 704w\" sizes=\"(max-width: 456px) 100vw, 456px\" \/><\/a>Uma esfera de vidro e concreto encontra tijolos antigos: um caf\u00e9 est\u00e1 sendo conclu\u00eddo no local do tradicional construtor de guindastes Kirow em Leipzig, na Alemanha,&nbsp; com base nos planos do famoso arquiteto Oscar Niemeyer.&nbsp;O brasileiro concebeu em 2011, um ano antes de sua morte.&nbsp;Segundo a empresa Kirov, isso o torna um dos \u00faltimos projetos do arquiteto.&nbsp;A constru\u00e7\u00e3o est\u00e1 em andamento desde 2017.&nbsp;Agora a chamada &#8220;Esfera de Niemeyer&#8221; est\u00e1 praticamente conclu\u00edda.<\/p>\n<h3 class=\"subtitle \">Um desafio estrutural<\/h3>\n<div class=\"paragraph \">\n<p class=\"text\">A constru\u00e7\u00e3o foi um desafio.&nbsp;Al\u00e9m do concreto, a esfera tamb\u00e9m \u00e9 composta por vidros &#8211; janelas triangulares feitas dos chamados vidros de cristal l\u00edquido.&nbsp;Este \u00e9 o mesmo material que tamb\u00e9m \u00e9 usado para telas de telefones celulares.&nbsp;Foi dif\u00edcil encontrar um fabricante.&nbsp;Al\u00e9m disso, os lotes deveriam ser devolvidos antes de realmente caberem.<\/p>\n<\/div>\n<p><a href=\"http:\/\/casadomogeodesico.com.br\/wp-content\/uploads\/2015\/05\/casa-geodesica-dome-3.gif\"><img loading=\"lazy\" class=\"alignnone wp-image-187 size-full\" src=\"http:\/\/casadomogeodesico.com.br\/wp-content\/uploads\/2015\/05\/casa-geodesica-dome-3.gif\" alt=\"casa-geodesica-dome-3\" width=\"800\" height=\"619\"><\/a><\/p>\n","protected":false},"excerpt":{"rendered":"<p>Estruturas Arquitet\u00f4nicas vers\u00e1teis, baratas, eficientes energeticamente, leves e flex\u00edveis. Estas c\u00fapulas apresentam extraordin\u00e1ria resist\u00eancia e leveza. A sua estrutura consiste em barras de qualquer material, e o domo pode ser feito em qualquer dimens\u00e3o, desde que o tamanho das suas barras seja calculado corretamente. Sua resist\u00eancia deve-se ao formato esf\u00e9rico e aos tri\u00e2ngulos que comp\u00f5em [&hellip;]<\/p>\n","protected":false},"author":1,"featured_media":0,"parent":0,"menu_order":0,"comment_status":"open","ping_status":"open","template":"","meta":[],"_links":{"self":[{"href":"https:\/\/casadomogeodesico.com.br\/index.php\/wp-json\/wp\/v2\/pages\/78"}],"collection":[{"href":"https:\/\/casadomogeodesico.com.br\/index.php\/wp-json\/wp\/v2\/pages"}],"about":[{"href":"https:\/\/casadomogeodesico.com.br\/index.php\/wp-json\/wp\/v2\/types\/page"}],"author":[{"embeddable":true,"href":"https:\/\/casadomogeodesico.com.br\/index.php\/wp-json\/wp\/v2\/users\/1"}],"replies":[{"embeddable":true,"href":"https:\/\/casadomogeodesico.com.br\/index.php\/wp-json\/wp\/v2\/comments?post=78"}],"version-history":[{"count":37,"href":"https:\/\/casadomogeodesico.com.br\/index.php\/wp-json\/wp\/v2\/pages\/78\/revisions"}],"predecessor-version":[{"id":1236,"href":"https:\/\/casadomogeodesico.com.br\/index.php\/wp-json\/wp\/v2\/pages\/78\/revisions\/1236"}],"wp:attachment":[{"href":"https:\/\/casadomogeodesico.com.br\/index.php\/wp-json\/wp\/v2\/media?parent=78"}],"curies":[{"name":"wp","href":"https:\/\/api.w.org\/{rel}","templated":true}]}}